{"id":4476,"date":"2024-11-11T17:41:37","date_gmt":"2024-11-11T22:41:37","guid":{"rendered":"https:\/\/allprowebworks.dev\/_iacis\/?page_id=4476"},"modified":"2024-11-19T15:43:53","modified_gmt":"2024-11-19T20:43:53","slug":"bcfe-basic-computer-forensic-examiner-budapest","status":"publish","type":"page","link":"https:\/\/allprowebworks.dev\/_iacis\/bcfe-basic-computer-forensic-examiner-budapest\/","title":{"rendered":"BCFE: Basic Computer Forensic Examiner &#8211; Budapest"},"content":{"rendered":"<p style=\"font-weight: 400;\"><strong>WHEN: 6 \u2013 17 October 2025<\/strong><\/p>\n<p style=\"font-weight: 400;\"><strong>WHERE:<\/strong> <a href=\"https:\/\/verdihotels.com\/budapest\/\">Verdi Budapest Aquincum, \u00c1rp\u00e1d fejedelem \u00fatja 94, 1036<\/a><\/p>\n<p style=\"font-weight: 400;\"><strong>COST:<\/strong> \u20ac4,800<\/p>\n<p style=\"font-weight: 400;\"><strong>EQUIPMENT:<\/strong> All 2025 BCFE students will receive a laptop computer, training manuals, and other equipment to take home with them at the conclusion of the training event.<\/p>\n<p style=\"font-weight: 400;\"><strong>PREREQUISITE:<\/strong> None.<\/p>\n<p style=\"font-weight: 400;\"><strong>BCFE COMPETENCIES<\/strong>\u00a0<a href=\"https:\/\/allprowebworks.dev\/_iacis\/wp-content\/uploads\/2024\/10\/BCFE-CFCE-Core-Competencies.pdf\"><strong>BCFE Competencies<\/strong><\/a><\/p>\n<p style=\"font-weight: 400;\"><strong>CERTIFICATION:<\/strong> Attendance at BCFE entitles each member an attempt at the CFCE Certification process.\u00a0 Candidates will be enrolled in the CFCE cycle immediately following their BCFE class.<\/p>\n<p style=\"font-weight: 400;\"><strong>REGISTRATION:<\/strong> <span style=\"text-color: red;\">Registration is being managed by our European partner Winkler Digital Forensic Expertise (WINDIFE).   Registration can be completed online <a href=\"https:\/\/www.digitalforensicexpertise.com\/registration-bfce-class\">https:\/\/www.digitalforensicexpertise.com\/registration-bfce-class<\/a> or contact Patrick <A href=\"mailto:patrick.winkler@digitalforensicexpertise.com\">patrick.winkler@digitalforensicexpertise.com<\/a> if you have any questions.  Confirmation of registration will be provided on a \u201cfirst paid \u2013 first confirmed\u201d basis.<\/p>\n<p style=\"font-weight: 400;\"><strong>PAYMENT:<\/strong> Payment MUST BE RECEIVED at least 70 days prior to the first day of class.<\/p>\n<p style=\"font-weight: 400;\"><strong>CANCELLATION:<\/strong> Cancellations to 31 days from the start of class will be subject to a \u20ac150 cancellation fee. There will be no refunds within 30 days from the start of class.<\/p>\n<p style=\"font-weight: 400;\"><strong>ON-SITE CHECK-IN:<\/strong> Monday, 6 October 2025. Between 07:30 and 07:50 hours<\/p>\n<p>&nbsp;<\/p>\n<p style=\"font-weight: 400;\"><strong>COURSE NOTES:<\/strong><\/p>\n<ol>\n<li>Classes begin at 8:00 AM and conclude at 5:00 PM each day, with a one-hour lunch break.\u00a0<strong>Class will end at 12:00 PM on the last day. <\/strong><\/li>\n<li>The dress code is business casual (collared shirts and slacks).The wearing of shorts, flip flops, tank tops, etc. is not allowed in the classroom.<\/li>\n<li>Students are required to attend all classes to successfully complete the program. Students who fail to meet the attendance requirements will not be issued a certificate at the conclusion of the program.<\/li>\n<\/ol>\n<p style=\"font-weight: 400;\"><strong>COURSE CANCELLATION:<\/strong> <span style=\"font-weight: 400;\">If IACIS is unable to hold their 2025 Budapest training event, then all students who have registered and paid, will receive full refund.\u00a0 IACIS is not responsible for any outside expenses (e.g. travel and accommodation) in the event of the training event being cancelled.\u00a0<\/span><\/p>\n<p><img loading=\"lazy\" decoding=\"async\" class=\"wp-image-4482 size-large aligncenter\" src=\"https:\/\/allprowebworks.dev\/_iacis\/wp-content\/uploads\/2024\/11\/Verdi-Budapest-Aquincum-00-1024x576.jpg\" alt=\"Verdi Budapest Aquincum\" width=\"1024\" height=\"576\" srcset=\"https:\/\/allprowebworks.dev\/_iacis\/wp-content\/uploads\/2024\/11\/Verdi-Budapest-Aquincum-00-1024x576.jpg 1024w, https:\/\/allprowebworks.dev\/_iacis\/wp-content\/uploads\/2024\/11\/Verdi-Budapest-Aquincum-00-300x169.jpg 300w, https:\/\/allprowebworks.dev\/_iacis\/wp-content\/uploads\/2024\/11\/Verdi-Budapest-Aquincum-00-768x432.jpg 768w, https:\/\/allprowebworks.dev\/_iacis\/wp-content\/uploads\/2024\/11\/Verdi-Budapest-Aquincum-00-1536x864.jpg 1536w, https:\/\/allprowebworks.dev\/_iacis\/wp-content\/uploads\/2024\/11\/Verdi-Budapest-Aquincum-00-142x80.jpg 142w, https:\/\/allprowebworks.dev\/_iacis\/wp-content\/uploads\/2024\/11\/Verdi-Budapest-Aquincum-00.jpg 1920w\" sizes=\"auto, (max-width: 1024px) 100vw, 1024px\" \/><\/p>\n","protected":false},"excerpt":{"rendered":"<p>WHEN: 6 \u2013 17 October 2025 WHERE: Verdi Budapest Aquincum, \u00c1rp\u00e1d fejedelem \u00fatja 94, 1036 COST: \u20ac4,800 EQUIPMENT: All 2025 BCFE students will receive a laptop computer, training manuals, and other equipment to take home with them at the conclusion of the training event. PREREQUISITE: None. BCFE COMPETENCIES\u00a0BCFE Competencies CERTIFICATION: [&hellip;]<\/p>\n","protected":false},"author":4,"featured_media":0,"parent":0,"menu_order":0,"comment_status":"closed","ping_status":"closed","template":"","meta":{"_acf_changed":false,"inline_featured_image":false,"footnotes":""},"class_list":["post-4476","page","type-page","status-publish","hentry"],"acf":[],"_links":{"self":[{"href":"https:\/\/allprowebworks.dev\/_iacis\/wp-json\/wp\/v2\/pages\/4476","targetHints":{"allow":["GET"]}}],"collection":[{"href":"https:\/\/allprowebworks.dev\/_iacis\/wp-json\/wp\/v2\/pages"}],"about":[{"href":"https:\/\/allprowebworks.dev\/_iacis\/wp-json\/wp\/v2\/types\/page"}],"author":[{"embeddable":true,"href":"https:\/\/allprowebworks.dev\/_iacis\/wp-json\/wp\/v2\/users\/4"}],"replies":[{"embeddable":true,"href":"https:\/\/allprowebworks.dev\/_iacis\/wp-json\/wp\/v2\/comments?post=4476"}],"version-history":[{"count":11,"href":"https:\/\/allprowebworks.dev\/_iacis\/wp-json\/wp\/v2\/pages\/4476\/revisions"}],"predecessor-version":[{"id":4501,"href":"https:\/\/allprowebworks.dev\/_iacis\/wp-json\/wp\/v2\/pages\/4476\/revisions\/4501"}],"wp:attachment":[{"href":"https:\/\/allprowebworks.dev\/_iacis\/wp-json\/wp\/v2\/media?parent=4476"}],"curies":[{"name":"wp","href":"https:\/\/api.w.org\/{rel}","templated":true}]}}